{"id":10,"date":"2019-07-24T16:41:39","date_gmt":"2019-07-24T16:41:39","guid":{"rendered":"http:\/\/denk-dienstleistungen.de\/?page_id=10"},"modified":"2019-09-30T06:46:49","modified_gmt":"2019-09-30T06:46:49","slug":"ueber-uns","status":"publish","type":"page","link":"https:\/\/denk-dienstleistungen.de\/?page_id=10","title":{"rendered":"\u00dcber Uns"},"content":{"rendered":"\n<p>Mein Name ist Thomas Denk und ich komme aus der sch\u00f6nen Hohenloher Ebene.<br>Meine Ausbildung als Bauger\u00e4tef\u00fchrer habe ich 2010 erfolgreich abgeschlossen. Anschlie\u00dfend habe ich meinen Baumaschinenmeister absolviert.&nbsp;<br>Bereits seit 2009 fahre ich nebenberuflich f\u00fcr verschiedene Speditionen LKW.<\/p>\n\n\n\n<p>Hauptberuflich war ich jahrelang als Bauger\u00e4tef\u00fchrer t\u00e4tig, mittlerweile bin ich Projektleiter in einer renomierten Baufirma.<br>K\u00fcnftig werde ich zudem meine Erfahrungen als Selbstst\u00e4ndiger im Nebengewerbe unter Beweis stellen.\u00a0<\/p>\n\n\n\n<figure class=\"wp-block-image\"><img loading=\"lazy\" decoding=\"async\" width=\"500\" height=\"667\" src=\"http:\/\/denk-dienstleistungen.de\/wp-content\/uploads\/2019\/08\/GYGV7772.JPG.png\" alt=\"\" class=\"wp-image-50\" srcset=\"https:\/\/denk-dienstleistungen.de\/wp-content\/uploads\/2019\/08\/GYGV7772.JPG.png 500w, https:\/\/denk-dienstleistungen.de\/wp-content\/uploads\/2019\/08\/GYGV7772.JPG-225x300.png 225w\" sizes=\"auto, (max-width: 500px) 100vw, 500px\" \/><\/figure>\n","protected":false},"excerpt":{"rendered":"<p>Mein Name ist Thomas Denk und ich komme aus der sch\u00f6nen Hohenloher Ebene.Meine Ausbildung als Bauger\u00e4tef\u00fchrer habe ich 2010 erfolgreich abgeschlossen. Anschlie\u00dfend habe ich meinen Baumaschinenmeister absolviert.&nbsp;Bereits seit 2009 fahre ich nebenberuflich f\u00fcr verschiedene Speditionen LKW. Hauptberuflich war ich jahrelang als Bauger\u00e4tef\u00fchrer t\u00e4tig, mittlerweile bin ich Projektleiter in einer renomierten Baufirma.K\u00fcnftig werde ich zudem meine &hellip; <\/p>\n<p class=\"link-more\"><a href=\"https:\/\/denk-dienstleistungen.de\/?page_id=10\" class=\"more-link\"><span class=\"screen-reader-text\">\u201e\u00dcber Uns\u201c <\/span>weiterlesen<\/a><\/p>\n","protected":false},"author":1,"featured_media":0,"parent":0,"menu_order":0,"comment_status":"closed","ping_status":"closed","template":"","meta":{"footnotes":""},"class_list":["post-10","page","type-page","status-publish","hentry"],"_links":{"self":[{"href":"https:\/\/denk-dienstleistungen.de\/index.php?rest_route=\/wp\/v2\/pages\/10","targetHints":{"allow":["GET"]}}],"collection":[{"href":"https:\/\/denk-dienstleistungen.de\/index.php?rest_route=\/wp\/v2\/pages"}],"about":[{"href":"https:\/\/denk-dienstleistungen.de\/index.php?rest_route=\/wp\/v2\/types\/page"}],"author":[{"embeddable":true,"href":"https:\/\/denk-dienstleistungen.de\/index.php?rest_route=\/wp\/v2\/users\/1"}],"replies":[{"embeddable":true,"href":"https:\/\/denk-dienstleistungen.de\/index.php?rest_route=%2Fwp%2Fv2%2Fcomments&post=10"}],"version-history":[{"count":3,"href":"https:\/\/denk-dienstleistungen.de\/index.php?rest_route=\/wp\/v2\/pages\/10\/revisions"}],"predecessor-version":[{"id":101,"href":"https:\/\/denk-dienstleistungen.de\/index.php?rest_route=\/wp\/v2\/pages\/10\/revisions\/101"}],"wp:attachment":[{"href":"https:\/\/denk-dienstleistungen.de\/index.php?rest_route=%2Fwp%2Fv2%2Fmedia&parent=10"}],"curies":[{"name":"wp","href":"https:\/\/api.w.org\/{rel}","templated":true}]}}