{"id":13,"date":"2019-07-24T16:41:39","date_gmt":"2019-07-24T16:41:39","guid":{"rendered":"http:\/\/denk-dienstleistungen.de\/?page_id=13"},"modified":"2020-04-29T20:26:43","modified_gmt":"2020-04-29T20:26:43","slug":"garten-und-landschaftsbau","status":"publish","type":"page","link":"https:\/\/denk-dienstleistungen.de\/?page_id=13","title":{"rendered":"Garten- und Landschaftsbau"},"content":{"rendered":"\n<p>Sie suchen Unterst\u00fctzung f\u00fcr Ihre Garten- &amp; Au\u00dfenanlage?<br>Sie m\u00f6chten Ihren Bauplatz vorbereiten?<\/p>\n\n\n\n<p>Dann sind Sie bei mir genau richtig.<br>Von der Beratung und Vorbesprechung \u00fcber die Planung bis hin zur Ausf\u00fchrung bin ich Ihr kompetenter Partner.<\/p>\n\n\n\n<p>Sie suchen einen engagierten Maschinisten? Ich bringe meine Erfahrung bei Ihnen im Unternehmen ein und unterst\u00fctze Sie bei Ihren Vorhaben. Kontaktieren Sie mich gerne auch au\u00dferhalb der \u00fcblichen Gesch\u00e4ftszeiten.<\/p>\n\n\n\n<p>Erfahrung kann ich in folgenden Maschinengruppen vorweisen:<\/p>\n\n\n\n<ul class=\"wp-block-list\"><li>Rad- und Kettenbagger mit Maschinensteuerung (Trimble)<\/li><li>Planierraupe\u00a0mit Maschinensteuerung (Trimble)\u00a0<\/li><li>Dumper\u00a0<\/li><li>Schlepper (Fendt Vario)<\/li><li>Bodenstabilisierer (Wirtgen)<\/li><li>Teleskoplader (Magni)<br><\/li><\/ul>\n\n\n\n<figure class=\"wp-block-gallery columns-3 is-cropped wp-block-gallery-2 is-layout-flex wp-block-gallery-is-layout-flex\"><ul class=\"blocks-gallery-grid\"><li class=\"blocks-gallery-item\"><figure><img loading=\"lazy\" decoding=\"async\" width=\"500\" height=\"388\" src=\"http:\/\/denk-dienstleistungen.de\/wp-content\/uploads\/2019\/08\/CSWX4366.png\" alt=\"\" data-id=\"58\" data-link=\"http:\/\/denk-dienstleistungen.de\/?attachment_id=58\" class=\"wp-image-58\" srcset=\"https:\/\/denk-dienstleistungen.de\/wp-content\/uploads\/2019\/08\/CSWX4366.png 500w, https:\/\/denk-dienstleistungen.de\/wp-content\/uploads\/2019\/08\/CSWX4366-300x233.png 300w\" sizes=\"auto, (max-width: 500px) 100vw, 500px\" \/><\/figure><\/li><li class=\"blocks-gallery-item\"><figure><img loading=\"lazy\" decoding=\"async\" width=\"500\" height=\"375\" src=\"http:\/\/denk-dienstleistungen.de\/wp-content\/uploads\/2019\/08\/IMG_7341.png\" alt=\"\" data-id=\"59\" data-link=\"http:\/\/denk-dienstleistungen.de\/?attachment_id=59\" class=\"wp-image-59\" srcset=\"https:\/\/denk-dienstleistungen.de\/wp-content\/uploads\/2019\/08\/IMG_7341.png 500w, https:\/\/denk-dienstleistungen.de\/wp-content\/uploads\/2019\/08\/IMG_7341-300x225.png 300w\" sizes=\"auto, (max-width: 500px) 100vw, 500px\" \/><\/figure><\/li><li class=\"blocks-gallery-item\"><figure><img loading=\"lazy\" decoding=\"async\" width=\"500\" height=\"534\" src=\"http:\/\/denk-dienstleistungen.de\/wp-content\/uploads\/2019\/08\/WLKS4609.png\" alt=\"\" data-id=\"60\" data-link=\"http:\/\/denk-dienstleistungen.de\/?attachment_id=60\" class=\"wp-image-60\" srcset=\"https:\/\/denk-dienstleistungen.de\/wp-content\/uploads\/2019\/08\/WLKS4609.png 500w, https:\/\/denk-dienstleistungen.de\/wp-content\/uploads\/2019\/08\/WLKS4609-281x300.png 281w\" sizes=\"auto, (max-width: 500px) 100vw, 500px\" \/><\/figure><\/li><\/ul><\/figure>\n\n\n\n<div class=\"wp-block-group\"><div class=\"wp-block-group__inner-container is-layout-flow wp-block-group-is-layout-flow\">\n<figure class=\"wp-block-gallery columns-3 is-cropped wp-block-gallery-3 is-layout-flex wp-block-gallery-is-layout-flex\"><ul class=\"blocks-gallery-grid\"><li class=\"blocks-gallery-item\"><figure><img loading=\"lazy\" decoding=\"async\" width=\"1024\" height=\"768\" src=\"http:\/\/denk-dienstleistungen.de\/wp-content\/uploads\/2020\/04\/DSC00013-1024x768.jpg\" alt=\"\" data-id=\"120\" data-full-url=\"http:\/\/denk-dienstleistungen.de\/wp-content\/uploads\/2020\/04\/DSC00013-scaled.jpg\" data-link=\"http:\/\/denk-dienstleistungen.de\/?attachment_id=120\" class=\"wp-image-120\" srcset=\"https:\/\/denk-dienstleistungen.de\/wp-content\/uploads\/2020\/04\/DSC00013-1024x768.jpg 1024w, https:\/\/denk-dienstleistungen.de\/wp-content\/uploads\/2020\/04\/DSC00013-300x225.jpg 300w, https:\/\/denk-dienstleistungen.de\/wp-content\/uploads\/2020\/04\/DSC00013-768x576.jpg 768w, https:\/\/denk-dienstleistungen.de\/wp-content\/uploads\/2020\/04\/DSC00013-1536x1152.jpg 1536w, https:\/\/denk-dienstleistungen.de\/wp-content\/uploads\/2020\/04\/DSC00013-2048x1536.jpg 2048w\" sizes=\"auto, (max-width: 767px) 89vw, (max-width: 1000px) 54vw, (max-width: 1071px) 543px, 580px\" \/><\/figure><\/li><li class=\"blocks-gallery-item\"><figure><img loading=\"lazy\" decoding=\"async\" width=\"1024\" height=\"576\" src=\"http:\/\/denk-dienstleistungen.de\/wp-content\/uploads\/2020\/04\/IMG_3877-1024x576.png\" alt=\"\" data-id=\"121\" data-full-url=\"http:\/\/denk-dienstleistungen.de\/wp-content\/uploads\/2020\/04\/IMG_3877.png\" data-link=\"http:\/\/denk-dienstleistungen.de\/?attachment_id=121\" class=\"wp-image-121\" srcset=\"https:\/\/denk-dienstleistungen.de\/wp-content\/uploads\/2020\/04\/IMG_3877-1024x576.png 1024w, https:\/\/denk-dienstleistungen.de\/wp-content\/uploads\/2020\/04\/IMG_3877-300x169.png 300w, https:\/\/denk-dienstleistungen.de\/wp-content\/uploads\/2020\/04\/IMG_3877-768x432.png 768w, https:\/\/denk-dienstleistungen.de\/wp-content\/uploads\/2020\/04\/IMG_3877.png 1334w\" sizes=\"auto, (max-width: 767px) 89vw, (max-width: 1000px) 54vw, (max-width: 1071px) 543px, 580px\" \/><\/figure><\/li><li class=\"blocks-gallery-item\"><figure><img loading=\"lazy\" decoding=\"async\" width=\"768\" height=\"1024\" src=\"http:\/\/denk-dienstleistungen.de\/wp-content\/uploads\/2020\/04\/IMG_4073-768x1024.jpg\" alt=\"\" data-id=\"122\" data-full-url=\"http:\/\/denk-dienstleistungen.de\/wp-content\/uploads\/2020\/04\/IMG_4073-scaled.jpg\" data-link=\"http:\/\/denk-dienstleistungen.de\/?attachment_id=122\" class=\"wp-image-122\" srcset=\"https:\/\/denk-dienstleistungen.de\/wp-content\/uploads\/2020\/04\/IMG_4073-768x1024.jpg 768w, https:\/\/denk-dienstleistungen.de\/wp-content\/uploads\/2020\/04\/IMG_4073-225x300.jpg 225w, https:\/\/denk-dienstleistungen.de\/wp-content\/uploads\/2020\/04\/IMG_4073-1152x1536.jpg 1152w, https:\/\/denk-dienstleistungen.de\/wp-content\/uploads\/2020\/04\/IMG_4073-1536x2048.jpg 1536w, https:\/\/denk-dienstleistungen.de\/wp-content\/uploads\/2020\/04\/IMG_4073-scaled.jpg 1920w\" sizes=\"auto, (max-width: 767px) 89vw, (max-width: 1000px) 54vw, (max-width: 1071px) 543px, 580px\" \/><\/figure><\/li><li class=\"blocks-gallery-item\"><figure><img loading=\"lazy\" decoding=\"async\" width=\"768\" height=\"1024\" src=\"http:\/\/denk-dienstleistungen.de\/wp-content\/uploads\/2020\/04\/IMG_8187-768x1024.jpg\" alt=\"\" data-id=\"124\" data-full-url=\"http:\/\/denk-dienstleistungen.de\/wp-content\/uploads\/2020\/04\/IMG_8187.jpg\" data-link=\"http:\/\/denk-dienstleistungen.de\/?attachment_id=124\" class=\"wp-image-124\" srcset=\"https:\/\/denk-dienstleistungen.de\/wp-content\/uploads\/2020\/04\/IMG_8187-768x1024.jpg 768w, https:\/\/denk-dienstleistungen.de\/wp-content\/uploads\/2020\/04\/IMG_8187-225x300.jpg 225w, https:\/\/denk-dienstleistungen.de\/wp-content\/uploads\/2020\/04\/IMG_8187-1152x1536.jpg 1152w, https:\/\/denk-dienstleistungen.de\/wp-content\/uploads\/2020\/04\/IMG_8187.jpg 1200w\" sizes=\"auto, (max-width: 767px) 89vw, (max-width: 1000px) 54vw, (max-width: 1071px) 543px, 580px\" \/><\/figure><\/li><li class=\"blocks-gallery-item\"><figure><img loading=\"lazy\" decoding=\"async\" width=\"1024\" height=\"768\" src=\"http:\/\/denk-dienstleistungen.de\/wp-content\/uploads\/2020\/04\/IMG_9809-1024x768.jpg\" alt=\"\" data-id=\"125\" data-full-url=\"http:\/\/denk-dienstleistungen.de\/wp-content\/uploads\/2020\/04\/IMG_9809.jpg\" data-link=\"http:\/\/denk-dienstleistungen.de\/?attachment_id=125\" class=\"wp-image-125\" srcset=\"https:\/\/denk-dienstleistungen.de\/wp-content\/uploads\/2020\/04\/IMG_9809-1024x768.jpg 1024w, https:\/\/denk-dienstleistungen.de\/wp-content\/uploads\/2020\/04\/IMG_9809-300x225.jpg 300w, https:\/\/denk-dienstleistungen.de\/wp-content\/uploads\/2020\/04\/IMG_9809-768x576.jpg 768w, https:\/\/denk-dienstleistungen.de\/wp-content\/uploads\/2020\/04\/IMG_9809-1536x1152.jpg 1536w, https:\/\/denk-dienstleistungen.de\/wp-content\/uploads\/2020\/04\/IMG_9809.jpg 1600w\" sizes=\"auto, (max-width: 767px) 89vw, (max-width: 1000px) 54vw, (max-width: 1071px) 543px, 580px\" \/><\/figure><\/li><li class=\"blocks-gallery-item\"><figure><img loading=\"lazy\" decoding=\"async\" width=\"1024\" height=\"576\" src=\"http:\/\/denk-dienstleistungen.de\/wp-content\/uploads\/2020\/04\/IMG_9811-1024x576.jpg\" alt=\"\" data-id=\"126\" data-full-url=\"http:\/\/denk-dienstleistungen.de\/wp-content\/uploads\/2020\/04\/IMG_9811.jpg\" data-link=\"http:\/\/denk-dienstleistungen.de\/?attachment_id=126\" class=\"wp-image-126\" srcset=\"https:\/\/denk-dienstleistungen.de\/wp-content\/uploads\/2020\/04\/IMG_9811-1024x576.jpg 1024w, https:\/\/denk-dienstleistungen.de\/wp-content\/uploads\/2020\/04\/IMG_9811-300x169.jpg 300w, https:\/\/denk-dienstleistungen.de\/wp-content\/uploads\/2020\/04\/IMG_9811-768x432.jpg 768w, https:\/\/denk-dienstleistungen.de\/wp-content\/uploads\/2020\/04\/IMG_9811.jpg 1280w\" sizes=\"auto, (max-width: 767px) 89vw, (max-width: 1000px) 54vw, (max-width: 1071px) 543px, 580px\" \/><\/figure><\/li><li class=\"blocks-gallery-item\"><figure><img loading=\"lazy\" decoding=\"async\" width=\"1024\" height=\"768\" src=\"http:\/\/denk-dienstleistungen.de\/wp-content\/uploads\/2020\/04\/QJBO6044-1024x768.jpg\" alt=\"\" data-id=\"127\" data-full-url=\"http:\/\/denk-dienstleistungen.de\/wp-content\/uploads\/2020\/04\/QJBO6044.jpg\" data-link=\"http:\/\/denk-dienstleistungen.de\/?attachment_id=127\" class=\"wp-image-127\" srcset=\"https:\/\/denk-dienstleistungen.de\/wp-content\/uploads\/2020\/04\/QJBO6044-1024x768.jpg 1024w, https:\/\/denk-dienstleistungen.de\/wp-content\/uploads\/2020\/04\/QJBO6044-300x225.jpg 300w, https:\/\/denk-dienstleistungen.de\/wp-content\/uploads\/2020\/04\/QJBO6044-768x576.jpg 768w, https:\/\/denk-dienstleistungen.de\/wp-content\/uploads\/2020\/04\/QJBO6044-1536x1152.jpg 1536w, https:\/\/denk-dienstleistungen.de\/wp-content\/uploads\/2020\/04\/QJBO6044.jpg 1600w\" sizes=\"auto, (max-width: 767px) 89vw, (max-width: 1000px) 54vw, (max-width: 1071px) 543px, 580px\" \/><\/figure><\/li><li class=\"blocks-gallery-item\"><figure><img loading=\"lazy\" decoding=\"async\" width=\"1024\" height=\"768\" src=\"http:\/\/denk-dienstleistungen.de\/wp-content\/uploads\/2020\/04\/RMNA8991-1024x768.jpg\" alt=\"\" data-id=\"128\" data-full-url=\"http:\/\/denk-dienstleistungen.de\/wp-content\/uploads\/2020\/04\/RMNA8991.jpg\" data-link=\"http:\/\/denk-dienstleistungen.de\/?attachment_id=128\" class=\"wp-image-128\" srcset=\"https:\/\/denk-dienstleistungen.de\/wp-content\/uploads\/2020\/04\/RMNA8991-1024x768.jpg 1024w, https:\/\/denk-dienstleistungen.de\/wp-content\/uploads\/2020\/04\/RMNA8991-300x225.jpg 300w, https:\/\/denk-dienstleistungen.de\/wp-content\/uploads\/2020\/04\/RMNA8991-768x576.jpg 768w, https:\/\/denk-dienstleistungen.de\/wp-content\/uploads\/2020\/04\/RMNA8991-1536x1152.jpg 1536w, https:\/\/denk-dienstleistungen.de\/wp-content\/uploads\/2020\/04\/RMNA8991.jpg 1600w\" sizes=\"auto, (max-width: 767px) 89vw, (max-width: 1000px) 54vw, (max-width: 1071px) 543px, 580px\" \/><\/figure><\/li><\/ul><\/figure>\n<\/div><\/div>\n\n\n\n<figure class=\"wp-block-gallery columns-2 is-cropped wp-block-gallery-4 is-layout-flex wp-block-gallery-is-layout-flex\"><ul class=\"blocks-gallery-grid\"><li class=\"blocks-gallery-item\"><figure><img loading=\"lazy\" decoding=\"async\" width=\"1024\" height=\"768\" src=\"http:\/\/denk-dienstleistungen.de\/wp-content\/uploads\/2020\/04\/IMG_3967-1024x768.jpg\" alt=\"\" data-id=\"160\" data-full-url=\"http:\/\/denk-dienstleistungen.de\/wp-content\/uploads\/2020\/04\/IMG_3967-scaled.jpg\" data-link=\"http:\/\/denk-dienstleistungen.de\/?attachment_id=160\" class=\"wp-image-160\" srcset=\"https:\/\/denk-dienstleistungen.de\/wp-content\/uploads\/2020\/04\/IMG_3967-1024x768.jpg 1024w, https:\/\/denk-dienstleistungen.de\/wp-content\/uploads\/2020\/04\/IMG_3967-300x225.jpg 300w, https:\/\/denk-dienstleistungen.de\/wp-content\/uploads\/2020\/04\/IMG_3967-768x576.jpg 768w, https:\/\/denk-dienstleistungen.de\/wp-content\/uploads\/2020\/04\/IMG_3967-1536x1152.jpg 1536w, https:\/\/denk-dienstleistungen.de\/wp-content\/uploads\/2020\/04\/IMG_3967-2048x1536.jpg 2048w\" sizes=\"auto, (max-width: 767px) 89vw, (max-width: 1000px) 54vw, (max-width: 1071px) 543px, 580px\" \/><\/figure><\/li><li class=\"blocks-gallery-item\"><figure><img loading=\"lazy\" decoding=\"async\" width=\"1024\" height=\"768\" src=\"http:\/\/denk-dienstleistungen.de\/wp-content\/uploads\/2020\/04\/IMG_3976-1024x768.jpg\" alt=\"\" data-id=\"162\" data-full-url=\"http:\/\/denk-dienstleistungen.de\/wp-content\/uploads\/2020\/04\/IMG_3976-scaled.jpg\" data-link=\"http:\/\/denk-dienstleistungen.de\/?attachment_id=162\" class=\"wp-image-162\" srcset=\"https:\/\/denk-dienstleistungen.de\/wp-content\/uploads\/2020\/04\/IMG_3976-1024x768.jpg 1024w, https:\/\/denk-dienstleistungen.de\/wp-content\/uploads\/2020\/04\/IMG_3976-300x225.jpg 300w, https:\/\/denk-dienstleistungen.de\/wp-content\/uploads\/2020\/04\/IMG_3976-768x576.jpg 768w, https:\/\/denk-dienstleistungen.de\/wp-content\/uploads\/2020\/04\/IMG_3976-1536x1152.jpg 1536w, https:\/\/denk-dienstleistungen.de\/wp-content\/uploads\/2020\/04\/IMG_3976-2048x1536.jpg 2048w\" sizes=\"auto, (max-width: 767px) 89vw, (max-width: 1000px) 54vw, (max-width: 1071px) 543px, 580px\" \/><\/figure><\/li><\/ul><\/figure>\n","protected":false},"excerpt":{"rendered":"<p>Sie suchen Unterst\u00fctzung f\u00fcr Ihre Garten- &amp; Au\u00dfenanlage?Sie m\u00f6chten Ihren Bauplatz vorbereiten? Dann sind Sie bei mir genau richtig.Von der Beratung und Vorbesprechung \u00fcber die Planung bis hin zur Ausf\u00fchrung bin ich Ihr kompetenter Partner. Sie suchen einen engagierten Maschinisten? Ich bringe meine Erfahrung bei Ihnen im Unternehmen ein und unterst\u00fctze Sie bei Ihren Vorhaben. &hellip; <\/p>\n<p class=\"link-more\"><a href=\"https:\/\/denk-dienstleistungen.de\/?page_id=13\" class=\"more-link\"><span class=\"screen-reader-text\">\u201eGarten- und Landschaftsbau\u201c <\/span>weiterlesen<\/a><\/p>\n","protected":false},"author":1,"featured_media":0,"parent":0,"menu_order":0,"comment_status":"closed","ping_status":"closed","template":"","meta":{"footnotes":""},"class_list":["post-13","page","type-page","status-publish","hentry"],"_links":{"self":[{"href":"https:\/\/denk-dienstleistungen.de\/index.php?rest_route=\/wp\/v2\/pages\/13","targetHints":{"allow":["GET"]}}],"collection":[{"href":"https:\/\/denk-dienstleistungen.de\/index.php?rest_route=\/wp\/v2\/pages"}],"about":[{"href":"https:\/\/denk-dienstleistungen.de\/index.php?rest_route=\/wp\/v2\/types\/page"}],"author":[{"embeddable":true,"href":"https:\/\/denk-dienstleistungen.de\/index.php?rest_route=\/wp\/v2\/users\/1"}],"replies":[{"embeddable":true,"href":"https:\/\/denk-dienstleistungen.de\/index.php?rest_route=%2Fwp%2Fv2%2Fcomments&post=13"}],"version-history":[{"count":9,"href":"https:\/\/denk-dienstleistungen.de\/index.php?rest_route=\/wp\/v2\/pages\/13\/revisions"}],"predecessor-version":[{"id":177,"href":"https:\/\/denk-dienstleistungen.de\/index.php?rest_route=\/wp\/v2\/pages\/13\/revisions\/177"}],"wp:attachment":[{"href":"https:\/\/denk-dienstleistungen.de\/index.php?rest_route=%2Fwp%2Fv2%2Fmedia&parent=13"}],"curies":[{"name":"wp","href":"https:\/\/api.w.org\/{rel}","templated":true}]}}