{"id":29,"date":"2019-07-24T16:43:31","date_gmt":"2019-07-24T16:43:31","guid":{"rendered":"http:\/\/denk-dienstleistungen.de\/?page_id=29"},"modified":"2021-10-07T09:38:39","modified_gmt":"2021-10-07T09:38:39","slug":"startseite","status":"publish","type":"page","link":"https:\/\/denk-dienstleistungen.de\/","title":{"rendered":"Start"},"content":{"rendered":"\n<p>Herzlich Willkommen bei Denk Dienstleistungen!<\/p>\n\n\n\n<p>Sie m\u00f6chten Ihren Vorgarten umwandeln oder brauchen einen kompetenten Ansprechpartner, der Ihnen eine Baugrube aushebt? Dann sind Sie bei mir genau richtig.<\/p>\n\n\n\n<p>Dar\u00fcber hinaus bin ich Ihr verl\u00e4sslicher und erfahrener Ansprechpartner, wenn Sie einen LKW-Fahrer ben\u00f6tigen.<\/p>\n\n\n\n<p>\u00dcberzeugen Sie sich von meinen bisherigen Projekten und kontaktieren Sie mich.<\/p>\n\n\n\n<figure class=\"wp-block-image\"><img loading=\"lazy\" decoding=\"async\" width=\"500\" height=\"323\" src=\"http:\/\/denk-dienstleistungen.de\/wp-content\/uploads\/2019\/08\/GFGZ9816.JPG.png\" alt=\"\" class=\"wp-image-48\" srcset=\"https:\/\/denk-dienstleistungen.de\/wp-content\/uploads\/2019\/08\/GFGZ9816.JPG.png 500w, https:\/\/denk-dienstleistungen.de\/wp-content\/uploads\/2019\/08\/GFGZ9816.JPG-300x194.png 300w\" sizes=\"auto, (max-width: 500px) 100vw, 500px\" \/><\/figure>\n","protected":false},"excerpt":{"rendered":"<p>Herzlich Willkommen bei Denk Dienstleistungen! Sie m\u00f6chten Ihren Vorgarten umwandeln oder brauchen einen kompetenten Ansprechpartner, der Ihnen eine Baugrube aushebt? Dann sind Sie bei mir genau richtig. Dar\u00fcber hinaus bin ich Ihr verl\u00e4sslicher und erfahrener Ansprechpartner, wenn Sie einen LKW-Fahrer ben\u00f6tigen. \u00dcberzeugen Sie sich von meinen bisherigen Projekten und kontaktieren Sie mich.<\/p>\n","protected":false},"author":1,"featured_media":0,"parent":0,"menu_order":0,"comment_status":"closed","ping_status":"closed","template":"","meta":{"footnotes":""},"class_list":["post-29","page","type-page","status-publish","hentry"],"_links":{"self":[{"href":"https:\/\/denk-dienstleistungen.de\/index.php?rest_route=\/wp\/v2\/pages\/29","targetHints":{"allow":["GET"]}}],"collection":[{"href":"https:\/\/denk-dienstleistungen.de\/index.php?rest_route=\/wp\/v2\/pages"}],"about":[{"href":"https:\/\/denk-dienstleistungen.de\/index.php?rest_route=\/wp\/v2\/types\/page"}],"author":[{"embeddable":true,"href":"https:\/\/denk-dienstleistungen.de\/index.php?rest_route=\/wp\/v2\/users\/1"}],"replies":[{"embeddable":true,"href":"https:\/\/denk-dienstleistungen.de\/index.php?rest_route=%2Fwp%2Fv2%2Fcomments&post=29"}],"version-history":[{"count":11,"href":"https:\/\/denk-dienstleistungen.de\/index.php?rest_route=\/wp\/v2\/pages\/29\/revisions"}],"predecessor-version":[{"id":202,"href":"https:\/\/denk-dienstleistungen.de\/index.php?rest_route=\/wp\/v2\/pages\/29\/revisions\/202"}],"wp:attachment":[{"href":"https:\/\/denk-dienstleistungen.de\/index.php?rest_route=%2Fwp%2Fv2%2Fmedia&parent=29"}],"curies":[{"name":"wp","href":"https:\/\/api.w.org\/{rel}","templated":true}]}}